{"id":1105,"date":"2019-07-31T08:32:26","date_gmt":"2019-07-31T08:32:26","guid":{"rendered":"https:\/\/resetsoluciones.com\/?page_id=1105"},"modified":"2020-08-06T09:51:39","modified_gmt":"2020-08-06T09:51:39","slug":"soluciones","status":"publish","type":"page","link":"https:\/\/resetsoluciones.com\/index.php\/soluciones\/","title":{"rendered":"Soluciones"},"content":{"rendered":"<p><div class=\"fusion-fullwidth fullwidth-box fusion-builder-row-1 nonhundred-percent-fullwidth non-hundred-percent-height-scrolling\" style=\"--awb-background-position:center top;--awb-border-radius-top-left:0px;--awb-border-radius-top-right:0px;--awb-border-radius-bottom-right:0px;--awb-border-radius-bottom-left:0px;--awb-padding-top:100px;--awb-padding-bottom:100px;--awb-padding-left:40px;--awb-background-color:#e1e1e8;--awb-flex-wrap:wrap;\" ><div class=\"fusion-builder-row fusion-row\"><div class=\"fusion-layout-column fusion_builder_column fusion-builder-column-0 fusion_builder_column_1_3 1_3 fusion-one-third fusion-column-first fusion-animated\" style=\"--awb-bg-size:cover;width:33.333333333333%;width:calc(33.333333333333% - ( ( 4% + 4% ) * 0.33333333333333 ) );margin-right: 4%;\" data-animationType=\"zoomInDown\" data-animationDuration=\"1.0\" data-animationOffset=\"top-into-view\"><div class=\"fusion-column-wrapper fusion-column-has-shadow fusion-flex-column-wrapper-legacy\"><a class=\"awb-lightbox awb-lightbox-1\"><img decoding=\"async\" src=\"https:\/\/resetsoluciones.com\/wp-content\/uploads\/2019\/09\/computer-1869236_640-e1568632095925-300x199.jpg\"><\/a><div class=\"fusion-title title fusion-title-1 fusion-sep-none fusion-title-text fusion-title-size-one\" style=\"--awb-margin-bottom:10px;\"><h1 class=\"fusion-title-heading title-heading-left fusion-responsive-typography-calculated\" style=\"margin:0;--fontSize:34;line-height:1.4;\"><h3 class=\"content-box-heading\" data-inline-fontsize=\"true\" data-inline-lineheight=\"true\" data-fontsize=\"22\" data-lineheight=\"27\"><span style=\"color: #4f86c5;\">INTERNET SERVICES<\/span><\/h3><\/h1><\/div><div class=\"fusion-text fusion-text-1\"><p>Desarrollo de p\u00e1ginas Web est\u00e1ticas y din\u00e1micas<\/p>\n<p>Administraci\u00f3n y gesti\u00f3n de correo electr\u00f3nico<\/p>\n<p>Correo Web<\/p>\n<p>Creaci\u00f3n de dominios, traspaso, renovaci\u00f3n<\/p>\n<p>Alojamiento de p\u00e1ginas Web, Servidor DNS, de correo electr\u00f3nico<\/p>\n<p>Bases de datos a trav\u00e9s de Internet con PHP y MySQL<\/p>\n<p>Migraci\u00f3n de datos entre plataformas<\/p>\n<p>Comunicaciones. ADSL, VPN, xDSL<\/p>\n<p>Servicios de telefon\u00eda, centrales de comunicaci\u00f3n, tarificaci\u00f3n, VoIP, an\u00e1lisis de usos abusivos, etc\u2026<\/p>\n<\/div><div class=\"fusion-clearfix\"><\/div><\/div><\/div><div class=\"fusion-layout-column fusion_builder_column fusion-builder-column-1 fusion_builder_column_1_3 1_3 fusion-one-third fusion-animated\" style=\"--awb-bg-size:cover;width:33.333333333333%;width:calc(33.333333333333% - ( ( 4% + 4% ) * 0.33333333333333 ) );margin-right: 4%;\" data-animationType=\"zoomInDown\" data-animationDuration=\"1.0\" data-animationOffset=\"top-into-view\"><div class=\"fusion-column-wrapper fusion-column-has-shadow fusion-flex-column-wrapper-legacy\"><a class=\"awb-lightbox awb-lightbox-2\"><img decoding=\"async\" src=\"https:\/\/resetsoluciones.com\/wp-content\/uploads\/2019\/09\/business-3152586_640-e1568632156296-300x199.jpg\"><\/a><div class=\"fusion-title title fusion-title-2 fusion-sep-none fusion-title-text fusion-title-size-one\" style=\"--awb-margin-bottom:10px;\"><h1 class=\"fusion-title-heading title-heading-left fusion-responsive-typography-calculated\" style=\"margin:0;--fontSize:34;line-height:1.4;\"><h3 class=\"content-box-heading\" data-inline-fontsize=\"true\" data-inline-lineheight=\"true\" data-fontsize=\"22\" data-lineheight=\"27\"><span style=\"color: #4f86c5;\">FORMACI\u00d3N<\/span><\/h3>\n<h3 class=\"content-box-heading\" data-inline-fontsize=\"true\" data-inline-lineheight=\"true\" data-fontsize=\"22\" data-lineheight=\"27\"><\/h3><\/h1><\/div><div class=\"fusion-text fusion-text-2\"><p><b>Cursos a medida<\/b>: La formaci\u00f3n no debe limitarse a los cargos directivos o intermedios. El impacto de las nuevas tecnolog\u00edas es tan amplio que afecta a todas las \u00e1reas: parte tecnol\u00f3gica, marketing, comunicaci\u00f3n, RRHH, contabilidad, ventas, trabajo de campo, operarios, etc.<\/p>\n<p>Adaptamos y adecuamos el tipo de cursos a cada \u00e1rea y necesidades reales de la empresa. Tiempo del que dispone cada equipo de trabajo, objetivos\u2026<\/p>\n<p>Es imprescindible invertir en la formaci\u00f3n adecuada y en l\u00ednea con la actividad y necesidades de la empresa, poniendo en marcha planes de formaci\u00f3n que tengan en cuenta al conjunto de los empleados.<\/p>\n<p><b>Formaciones desde un plat\u00f3<\/b>: Formaciones desde un plat\u00f3 corporativo.<\/p>\n<p>Emisiones en streaming, video Meeting con interacci\u00f3n a tiempo real y\/o grabaci\u00f3n de sesiones.<\/p>\n<p><b>Formadores<\/b>: Formadores de renombre en cada \u00e1rea, con el mejor CV y adecuado a cada empresa y cada necesidad.<\/p>\n<\/div><div class=\"fusion-clearfix\"><\/div><\/div><\/div><div class=\"fusion-layout-column fusion_builder_column fusion-builder-column-2 fusion_builder_column_1_3 1_3 fusion-one-third fusion-column-last fusion-animated\" style=\"--awb-bg-size:cover;width:33.333333333333%;width:calc(33.333333333333% - ( ( 4% + 4% ) * 0.33333333333333 ) );\" data-animationType=\"zoomInDown\" data-animationDuration=\"1.0\" data-animationOffset=\"top-into-view\"><div class=\"fusion-column-wrapper fusion-column-has-shadow fusion-flex-column-wrapper-legacy\"><a class=\"awb-lightbox awb-lightbox-3\"><img decoding=\"async\" src=\"https:\/\/resetsoluciones.com\/wp-content\/uploads\/2019\/09\/home-office-1867761_640-300x200.jpg\"><\/a><div class=\"fusion-title title fusion-title-3 fusion-sep-none fusion-title-text fusion-title-size-one\" style=\"--awb-margin-bottom:10px;\"><h1 class=\"fusion-title-heading title-heading-left fusion-responsive-typography-calculated\" style=\"margin:0;--fontSize:34;line-height:1.4;\"><h3 class=\"content-box-heading\" data-inline-fontsize=\"true\" data-inline-lineheight=\"true\" data-fontsize=\"22\" data-lineheight=\"27\"><span style=\"color: #4f86c5;\">PORT\u00c1TILES Y SOBREMESA<\/span><\/h3>\n<h3 class=\"content-box-heading\" data-inline-fontsize=\"true\" data-inline-lineheight=\"true\" data-fontsize=\"22\" data-lineheight=\"27\"><\/h3><\/h1><\/div><div class=\"fusion-text fusion-text-3\"><p>Precios muy competitivos en equipos port\u00e1tiles o de sobremesa para empresas, consumo, profesionales, directivos&#8230;<\/p>\n<p>Elaboraci\u00f3n del presupuesto que mejor se adapte a sus necesidades.<\/p>\n<p>Todo tipo de accesorios y elementos tecnol\u00f3gicos para propio uso o para publicidad.<\/p>\n<p>Proyectores, impresoras color y multifuncionales.<\/p>\n<p>Smart-devices.<\/p>\n<p>Garant\u00eda de 3 a 5 a\u00f1os.<\/p>\n<\/div><div class=\"fusion-clearfix\"><\/div><\/div><\/div><div class=\"fusion-layout-column fusion_builder_column fusion-builder-column-3 fusion_builder_column_1_3 1_3 fusion-one-third fusion-column-first fusion-animated\" style=\"--awb-bg-size:cover;width:33.333333333333%;width:calc(33.333333333333% - ( ( 4% + 4% ) * 0.33333333333333 ) );margin-right: 4%;\" data-animationType=\"zoomInDown\" data-animationDuration=\"1.0\" data-animationOffset=\"top-into-view\"><div class=\"fusion-column-wrapper fusion-column-has-shadow fusion-flex-column-wrapper-legacy\"><a class=\"awb-lightbox awb-lightbox-4\"><img decoding=\"async\" src=\"https:\/\/resetsoluciones.com\/wp-content\/uploads\/2019\/09\/laptop-601536-300x200.jpg\"><\/a><div class=\"fusion-title title fusion-title-4 fusion-sep-none fusion-title-text fusion-title-size-one\" style=\"--awb-margin-bottom:10px;\"><h1 class=\"fusion-title-heading title-heading-left fusion-responsive-typography-calculated\" style=\"margin:0;--fontSize:34;line-height:1.4;\"><h3 class=\"content-box-heading\" data-inline-fontsize=\"true\" data-inline-lineheight=\"true\" data-fontsize=\"22\" data-lineheight=\"27\"><span style=\"color: #4f86c5;\">MANTENIMIENTO<\/span><\/h3><\/h1><\/div><div class=\"fusion-text fusion-text-4\"><p>Inventario de parques inform\u00e1ticos<\/p>\n<p>Mantenimiento de ordenadores, servidores, etc\u2026<\/p>\n<p>Mantenimiento de software, sistemas operativos, etc\u2026<\/p>\n<p>Mantenimiento en comunicaciones y telefon\u00eda<\/p>\n<\/div><div class=\"fusion-clearfix\"><\/div><\/div><\/div><div class=\"fusion-layout-column fusion_builder_column fusion-builder-column-4 fusion_builder_column_1_3 1_3 fusion-one-third fusion-animated\" style=\"--awb-bg-size:cover;width:33.333333333333%;width:calc(33.333333333333% - ( ( 4% + 4% ) * 0.33333333333333 ) );margin-right: 4%;\" data-animationType=\"zoomInDown\" data-animationDuration=\"1.0\" data-animationOffset=\"top-into-view\"><div class=\"fusion-column-wrapper fusion-column-has-shadow fusion-flex-column-wrapper-legacy\"><a class=\"awb-lightbox awb-lightbox-5\"><img decoding=\"async\" src=\"https:\/\/resetsoluciones.com\/wp-content\/uploads\/2019\/09\/business-1836990_640-300x200.jpg\"><\/a><div class=\"fusion-title title fusion-title-5 fusion-sep-none fusion-title-text fusion-title-size-one\" style=\"--awb-margin-bottom:10px;\"><h1 class=\"fusion-title-heading title-heading-left fusion-responsive-typography-calculated\" style=\"margin:0;--fontSize:34;line-height:1.4;\"><h3 class=\"content-box-heading\" data-inline-fontsize=\"true\" data-inline-lineheight=\"true\" data-fontsize=\"22\" data-lineheight=\"27\"><span style=\"color: #4f86c5;\">HELPDESK<\/span><\/h3><\/h1><\/div><div class=\"fusion-text fusion-text-5\"><p>Monitorizaci\u00f3n remota de ordenadores<\/p>\n<p>Asistencia telef\u00f3nica<\/p>\n<p>Compra de paquetes de horas para consumo<\/p>\n<p>Ofertas especiales<\/p>\n<\/div><div class=\"fusion-clearfix\"><\/div><\/div><\/div><div class=\"fusion-layout-column fusion_builder_column fusion-builder-column-5 fusion_builder_column_1_3 1_3 fusion-one-third fusion-column-last fusion-animated\" style=\"--awb-bg-size:cover;width:33.333333333333%;width:calc(33.333333333333% - ( ( 4% + 4% ) * 0.33333333333333 ) );\" data-animationType=\"zoomInDown\" data-animationDuration=\"1.0\" data-animationOffset=\"top-into-view\"><div class=\"fusion-column-wrapper fusion-column-has-shadow fusion-flex-column-wrapper-legacy\"><a class=\"awb-lightbox awb-lightbox-6\"><img decoding=\"async\" src=\"https:\/\/resetsoluciones.com\/wp-content\/uploads\/2019\/09\/analyzing-people-3441040_640-300x200.jpg\"><\/a><div class=\"fusion-title title fusion-title-6 fusion-sep-none fusion-title-text fusion-title-size-one\" style=\"--awb-margin-bottom:10px;\"><h1 class=\"fusion-title-heading title-heading-left fusion-responsive-typography-calculated\" style=\"margin:0;--fontSize:34;line-height:1.4;\"><h3 class=\"content-box-heading\" data-inline-fontsize=\"true\" data-inline-lineheight=\"true\" data-fontsize=\"22\" data-lineheight=\"27\"><span style=\"color: #4f86c5;\">COMUNICACIONES<\/span><\/h3>\n<h3 class=\"content-box-heading\" data-inline-fontsize=\"true\" data-inline-lineheight=\"true\" data-fontsize=\"22\" data-lineheight=\"27\"><\/h3><\/h1><\/div><div class=\"fusion-text fusion-text-6\"><p>Evaluamos su situaci\u00f3n actual en materia de comunicaciones<\/p>\n<p>y le damos la mejor alternativa posible<\/p>\n<p>Adaptaci\u00f3n de las comunicaciones a las necesidades de la empresa<\/p>\n<p>Mantenimiento<\/p>\n<p>Integraci\u00f3n de la voz. VoIP<\/p>\n<\/div><div class=\"fusion-clearfix\"><\/div><\/div><\/div><\/div><\/div><div class=\"fusion-fullwidth fullwidth-box fusion-builder-row-2 nonhundred-percent-fullwidth non-hundred-percent-height-scrolling\" style=\"--awb-border-radius-top-left:0px;--awb-border-radius-top-right:0px;--awb-border-radius-bottom-right:0px;--awb-border-radius-bottom-left:0px;--awb-padding-top:100px;--awb-flex-wrap:wrap;\" ><div class=\"fusion-builder-row fusion-row\"><div class=\"fusion-layout-column fusion_builder_column fusion-builder-column-6 fusion_builder_column_1_1 1_1 fusion-one-full fusion-column-first fusion-column-last\" style=\"--awb-bg-size:cover;\"><div class=\"fusion-column-wrapper fusion-column-has-shadow fusion-flex-column-wrapper-legacy\"><div class=\"fusion-image-element fusion-image-align-center in-legacy-container\" style=\"text-align:center;--awb-caption-title-font-family:var(--h2_typography-font-family);--awb-caption-title-font-weight:var(--h2_typography-font-weight);--awb-caption-title-font-style:var(--h2_typography-font-style);--awb-caption-title-size:var(--h2_typography-font-size);--awb-caption-title-transform:var(--h2_typography-text-transform);--awb-caption-title-line-height:var(--h2_typography-line-height);--awb-caption-title-letter-spacing:var(--h2_typography-letter-spacing);\"><div class=\"imageframe-align-center\"><span class=\" fusion-imageframe imageframe-none imageframe-1 hover-type-none\"><img decoding=\"async\" width=\"300\" height=\"147\" src=\"https:\/\/resetsoluciones.com\/wp-content\/uploads\/2019\/10\/Logo_2018_OK-300x147.png\" alt class=\"img-responsive wp-image-1525\" srcset=\"https:\/\/resetsoluciones.com\/wp-content\/uploads\/2019\/10\/Logo_2018_OK-200x98.png 200w, https:\/\/resetsoluciones.com\/wp-content\/uploads\/2019\/10\/Logo_2018_OK-400x195.png 400w, https:\/\/resetsoluciones.com\/wp-content\/uploads\/2019\/10\/Logo_2018_OK-600x293.png 600w, https:\/\/resetsoluciones.com\/wp-content\/uploads\/2019\/10\/Logo_2018_OK-800x391.png 800w, https:\/\/resetsoluciones.com\/wp-content\/uploads\/2019\/10\/Logo_2018_OK-1200x586.png 1200w\" sizes=\"(max-width: 800px) 100vw, 1200px\" \/><\/span><\/div><\/div><div class=\"fusion-text fusion-text-7\"><p style=\"text-align: center;\">CARME KARR, 13 &#8211; 08034 BARCELONA &#8211; 932520883 &#8211; <a href=\"mailto:info@resetsoluciones.com\">info@resetsoluciones.com<\/a><\/p>\n<\/div><div class=\"fusion-text fusion-text-8\"><p style=\"text-align: center;\">Copyright \u00a9 2019 <a href=\"https:\/\/resetsoluciones.com\/index.php\/home-2\/\">resetsoluciones.<\/a> Todos los derechos reservados<\/p>\n<\/div><div class=\"fusion-clearfix\"><\/div><\/div><\/div><\/div><\/div><\/p>\n","protected":false},"excerpt":{"rendered":"","protected":false},"author":1,"featured_media":0,"parent":0,"menu_order":0,"comment_status":"closed","ping_status":"closed","template":"100-width.php","meta":{"footnotes":""},"class_list":["post-1105","page","type-page","status-publish","hentry"],"yoast_head":"<!-- This site is optimized with the Yoast SEO plugin v25.5 - https:\/\/yoast.com\/wordpress\/plugins\/seo\/ -->\n<title>Soluciones - Reset Soluciones<\/title>\n<meta name=\"robots\" content=\"index, follow, max-snippet:-1, max-image-preview:large, max-video-preview:-1\" \/>\n<link rel=\"canonical\" href=\"https:\/\/resetsoluciones.com\/index.php\/soluciones\/\" \/>\n<meta property=\"og:locale\" content=\"es_ES\" \/>\n<meta property=\"og:type\" content=\"article\" \/>\n<meta property=\"og:title\" content=\"Soluciones - Reset Soluciones\" \/>\n<meta property=\"og:url\" content=\"https:\/\/resetsoluciones.com\/index.php\/soluciones\/\" \/>\n<meta property=\"og:site_name\" content=\"Reset Soluciones\" \/>\n<meta property=\"article:modified_time\" content=\"2020-08-06T09:51:39+00:00\" \/>\n<meta property=\"og:image\" content=\"https:\/\/resetsoluciones.com\/wp-content\/uploads\/2019\/09\/computer-1869236_640-e1568632095925-300x199.jpg\" \/>\n<meta name=\"twitter:card\" content=\"summary_large_image\" \/>\n<meta name=\"twitter:label1\" content=\"Tiempo de lectura\" \/>\n\t<meta name=\"twitter:data1\" content=\"10 minutos\" \/>\n<script type=\"application\/ld+json\" class=\"yoast-schema-graph\">{\"@context\":\"https:\/\/schema.org\",\"@graph\":[{\"@type\":\"WebPage\",\"@id\":\"https:\/\/resetsoluciones.com\/index.php\/soluciones\/\",\"url\":\"https:\/\/resetsoluciones.com\/index.php\/soluciones\/\",\"name\":\"Soluciones - Reset Soluciones\",\"isPartOf\":{\"@id\":\"https:\/\/resetsoluciones.com\/#website\"},\"primaryImageOfPage\":{\"@id\":\"https:\/\/resetsoluciones.com\/index.php\/soluciones\/#primaryimage\"},\"image\":{\"@id\":\"https:\/\/resetsoluciones.com\/index.php\/soluciones\/#primaryimage\"},\"thumbnailUrl\":\"https:\/\/resetsoluciones.com\/wp-content\/uploads\/2019\/09\/computer-1869236_640-e1568632095925-300x199.jpg\",\"datePublished\":\"2019-07-31T08:32:26+00:00\",\"dateModified\":\"2020-08-06T09:51:39+00:00\",\"breadcrumb\":{\"@id\":\"https:\/\/resetsoluciones.com\/index.php\/soluciones\/#breadcrumb\"},\"inLanguage\":\"es\",\"potentialAction\":[{\"@type\":\"ReadAction\",\"target\":[\"https:\/\/resetsoluciones.com\/index.php\/soluciones\/\"]}]},{\"@type\":\"ImageObject\",\"inLanguage\":\"es\",\"@id\":\"https:\/\/resetsoluciones.com\/index.php\/soluciones\/#primaryimage\",\"url\":\"https:\/\/resetsoluciones.com\/wp-content\/uploads\/2019\/09\/computer-1869236_640-e1568632095925.jpg\",\"contentUrl\":\"https:\/\/resetsoluciones.com\/wp-content\/uploads\/2019\/09\/computer-1869236_640-e1568632095925.jpg\",\"width\":640,\"height\":425},{\"@type\":\"BreadcrumbList\",\"@id\":\"https:\/\/resetsoluciones.com\/index.php\/soluciones\/#breadcrumb\",\"itemListElement\":[{\"@type\":\"ListItem\",\"position\":1,\"name\":\"Home\",\"item\":\"https:\/\/resetsoluciones.com\/\"},{\"@type\":\"ListItem\",\"position\":2,\"name\":\"Soluciones\"}]},{\"@type\":\"WebSite\",\"@id\":\"https:\/\/resetsoluciones.com\/#website\",\"url\":\"https:\/\/resetsoluciones.com\/\",\"name\":\"Reset Soluciones\",\"description\":\"Reset Soluciones\",\"potentialAction\":[{\"@type\":\"SearchAction\",\"target\":{\"@type\":\"EntryPoint\",\"urlTemplate\":\"https:\/\/resetsoluciones.com\/?s={search_term_string}\"},\"query-input\":{\"@type\":\"PropertyValueSpecification\",\"valueRequired\":true,\"valueName\":\"search_term_string\"}}],\"inLanguage\":\"es\"}]}<\/script>\n<!-- \/ Yoast SEO plugin. -->","yoast_head_json":{"title":"Soluciones - Reset Soluciones","robots":{"index":"index","follow":"follow","max-snippet":"max-snippet:-1","max-image-preview":"max-image-preview:large","max-video-preview":"max-video-preview:-1"},"canonical":"https:\/\/resetsoluciones.com\/index.php\/soluciones\/","og_locale":"es_ES","og_type":"article","og_title":"Soluciones - Reset Soluciones","og_url":"https:\/\/resetsoluciones.com\/index.php\/soluciones\/","og_site_name":"Reset Soluciones","article_modified_time":"2020-08-06T09:51:39+00:00","og_image":[{"url":"https:\/\/resetsoluciones.com\/wp-content\/uploads\/2019\/09\/computer-1869236_640-e1568632095925-300x199.jpg","type":"","width":"","height":""}],"twitter_card":"summary_large_image","twitter_misc":{"Tiempo de lectura":"10 minutos"},"schema":{"@context":"https:\/\/schema.org","@graph":[{"@type":"WebPage","@id":"https:\/\/resetsoluciones.com\/index.php\/soluciones\/","url":"https:\/\/resetsoluciones.com\/index.php\/soluciones\/","name":"Soluciones - Reset Soluciones","isPartOf":{"@id":"https:\/\/resetsoluciones.com\/#website"},"primaryImageOfPage":{"@id":"https:\/\/resetsoluciones.com\/index.php\/soluciones\/#primaryimage"},"image":{"@id":"https:\/\/resetsoluciones.com\/index.php\/soluciones\/#primaryimage"},"thumbnailUrl":"https:\/\/resetsoluciones.com\/wp-content\/uploads\/2019\/09\/computer-1869236_640-e1568632095925-300x199.jpg","datePublished":"2019-07-31T08:32:26+00:00","dateModified":"2020-08-06T09:51:39+00:00","breadcrumb":{"@id":"https:\/\/resetsoluciones.com\/index.php\/soluciones\/#breadcrumb"},"inLanguage":"es","potentialAction":[{"@type":"ReadAction","target":["https:\/\/resetsoluciones.com\/index.php\/soluciones\/"]}]},{"@type":"ImageObject","inLanguage":"es","@id":"https:\/\/resetsoluciones.com\/index.php\/soluciones\/#primaryimage","url":"https:\/\/resetsoluciones.com\/wp-content\/uploads\/2019\/09\/computer-1869236_640-e1568632095925.jpg","contentUrl":"https:\/\/resetsoluciones.com\/wp-content\/uploads\/2019\/09\/computer-1869236_640-e1568632095925.jpg","width":640,"height":425},{"@type":"BreadcrumbList","@id":"https:\/\/resetsoluciones.com\/index.php\/soluciones\/#breadcrumb","itemListElement":[{"@type":"ListItem","position":1,"name":"Home","item":"https:\/\/resetsoluciones.com\/"},{"@type":"ListItem","position":2,"name":"Soluciones"}]},{"@type":"WebSite","@id":"https:\/\/resetsoluciones.com\/#website","url":"https:\/\/resetsoluciones.com\/","name":"Reset Soluciones","description":"Reset Soluciones","potentialAction":[{"@type":"SearchAction","target":{"@type":"EntryPoint","urlTemplate":"https:\/\/resetsoluciones.com\/?s={search_term_string}"},"query-input":{"@type":"PropertyValueSpecification","valueRequired":true,"valueName":"search_term_string"}}],"inLanguage":"es"}]}},"_links":{"self":[{"href":"https:\/\/resetsoluciones.com\/index.php\/wp-json\/wp\/v2\/pages\/1105","targetHints":{"allow":["GET"]}}],"collection":[{"href":"https:\/\/resetsoluciones.com\/index.php\/wp-json\/wp\/v2\/pages"}],"about":[{"href":"https:\/\/resetsoluciones.com\/index.php\/wp-json\/wp\/v2\/types\/page"}],"author":[{"embeddable":true,"href":"https:\/\/resetsoluciones.com\/index.php\/wp-json\/wp\/v2\/users\/1"}],"replies":[{"embeddable":true,"href":"https:\/\/resetsoluciones.com\/index.php\/wp-json\/wp\/v2\/comments?post=1105"}],"version-history":[{"count":58,"href":"https:\/\/resetsoluciones.com\/index.php\/wp-json\/wp\/v2\/pages\/1105\/revisions"}],"predecessor-version":[{"id":1605,"href":"https:\/\/resetsoluciones.com\/index.php\/wp-json\/wp\/v2\/pages\/1105\/revisions\/1605"}],"wp:attachment":[{"href":"https:\/\/resetsoluciones.com\/index.php\/wp-json\/wp\/v2\/media?parent=1105"}],"curies":[{"name":"wp","href":"https:\/\/api.w.org\/{rel}","templated":true}]}}