{"id":1561,"date":"2020-07-13T10:27:55","date_gmt":"2020-07-13T10:27:55","guid":{"rendered":"https:\/\/resetsoluciones.com\/?page_id=1561"},"modified":"2020-08-06T09:36:28","modified_gmt":"2020-08-06T09:36:28","slug":"servicios-digitales","status":"publish","type":"page","link":"https:\/\/resetsoluciones.com\/index.php\/servicios-digitales\/","title":{"rendered":"Servicios Digitales"},"content":{"rendered":"<p><div class=\"fusion-fullwidth fullwidth-box fusion-builder-row-1 fusion-parallax-none nonhundred-percent-fullwidth non-hundred-percent-height-scrolling\" style=\"--awb-border-radius-top-left:0px;--awb-border-radius-top-right:0px;--awb-border-radius-bottom-right:0px;--awb-border-radius-bottom-left:0px;--awb-padding-top:130px;--awb-padding-bottom:180px;--awb-background-image:url(&quot;https:\/\/resetsoluciones.com\/wp-content\/uploads\/2016\/08\/tech-why-bg-e1568016162437.png&quot;);--awb-background-size:cover;--awb-flex-wrap:wrap;\" ><div class=\"fusion-builder-row fusion-row\"><div class=\"fusion-layout-column fusion_builder_column fusion-builder-column-0 fusion_builder_column_2_3 2_3 fusion-two-third fusion-column-first fusion-animated\" style=\"--awb-bg-size:cover;--awb-margin-bottom:40px;width:66.666666666667%;width:calc(66.666666666667% - ( ( 7% ) * 0.66666666666667 ) );margin-right: 7%;\" data-animationType=\"bounceInLeft\" data-animationDuration=\"0.3\" data-animationOffset=\"top-into-view\"><div class=\"fusion-column-wrapper fusion-column-has-shadow fusion-flex-column-wrapper-legacy\"><div class=\"fusion-column-content-centered\"><div class=\"fusion-column-content\"><div class=\"fusion-text fusion-text-1\"><h2 style=\"color: #fff;\"><strong><span style=\"color: #333333;\"><span style=\"color: #4f86c5;\">DESARROLLO DE APLICACIONES<\/span><\/span><\/strong><\/h2>\n<\/div><div class=\"fusion-sep-clear\"><\/div><div class=\"fusion-separator fusion-clearfix\" style=\"float:left;margin-bottom:50px;width:100%;max-width:100px;\"><div class=\"fusion-separator-border sep-single sep-solid\" style=\"--awb-height:20px;--awb-amount:20px;--awb-sep-color:#4f86c5;border-color:#4f86c5;border-top-width:4px;\"><\/div><\/div><div class=\"fusion-sep-clear\"><\/div><div class=\"fusion-text fusion-text-2\"><h3>Dise\u00f1o y desarrollo de aplicaciones ERP para la gesti\u00f3n empresarial con PHP, MySQL, MariaDB.<\/h3>\n<h3>Dise\u00f1o y desarrollo de p\u00e1ginas web personalizadas, autogestionables y con SEO avanzado.<\/h3>\n<h3>Dise\u00f1o y desarrollo de landing pages optimizadas y convertibles.<\/h3>\n<h3>Desarrollo de campa\u00f1as de emailing con la API de mailchimp<\/h3>\n<h3>Existen distintas plataformas de Ecommerce, adecuadas para cada tipo de proyecto de ventas digital, Nosotros trabajamos en cada proyecto con la mejor se adapta: Magento, Prestashop, Woocomerce\u2026<\/h3>\n<h3>Ecommerce sincronizado con herramienta ERP\/CRM<\/h3>\n<h3>Los proyectos de Market-place se hacen todos personalizados tras un an\u00e1lisis de necesidades ya que requiere de una configuraci\u00f3n a medida y de un producto adecuado a cada necesidad, nosotros asesoraremos e implantaremos en cada caso lo que sea \u00fatil y m\u00e1s rentable.<\/h3>\n<h3><b>Todos nuestros dominios estan hospedados en un servidor propio y administrado en un data center ubicado en territorio espa\u00f1ol siguiendo normativa europea de protecci\u00f3n de datos.<\/b><\/h3>\n<\/div><\/div><\/div><div class=\"fusion-clearfix\"><\/div><\/div><\/div><div class=\"fusion-layout-column fusion_builder_column fusion-builder-column-1 fusion_builder_column_1_3 1_3 fusion-one-third fusion-column-last\" style=\"--awb-bg-image:url(&#039;https:\/\/resetsoluciones.com\/wp-content\/uploads\/2016\/08\/17.png&#039;);--awb-bg-size:cover;width:33.333333333333%;width:calc(33.333333333333% - ( ( 7% ) * 0.33333333333333 ) );\"><div class=\"fusion-column-wrapper fusion-column-has-shadow fusion-flex-column-wrapper-legacy fusion-column-has-bg-image\" data-bg-url=\"https:\/\/resetsoluciones.com\/wp-content\/uploads\/2016\/08\/17.png\"><div class=\"fusion-column-content-centered\"><div class=\"fusion-column-content\"><div class=\"fusion-text fusion-text-3\"><h2 style=\"color: #fff;\"><strong><span style=\"color: #333333;\">TE AYUDAMOS<br \/>\n<\/span><\/strong><\/h2>\n<\/div><div class=\"fusion-sep-clear\"><\/div><div class=\"fusion-separator fusion-full-width-sep\" style=\"margin-left: auto;margin-right: auto;margin-top:25px;width:100%;\"><\/div><div class=\"fusion-sep-clear\"><\/div><div class=\"fusion-content-boxes content-boxes columns row fusion-columns-1 fusion-columns-total-3 fusion-content-boxes-1 content-boxes-timeline-vertical content-left content-boxes-timeline-layout content-boxes-icon-with-title fusion-delayed-animation\" style=\"--awb-title-color:#747474;--awb-hover-accent-color:#4f86c5;--awb-circle-hover-accent-color:#4f86c5;--awb-item-margin-bottom:40px;\" data-animation-delay=\"350\" data-animationOffset=\"top-into-view\"><div style=\"--awb-backgroundcolor:rgba(255,255,255,0);--awb-content-padding-left:78px;\" class=\"fusion-column content-box-column content-box-column content-box-column-1 col-lg-12 col-md-12 col-sm-12 fusion-content-box-hover content-box-column-last-in-row\"><div class=\"col content-box-wrapper content-wrapper link-area-box link-type-text content-icon-wrapper-yes icon-wrapper-hover-animation-pulsate fusion-animated\" data-link=\"#servicios-digitales\" data-link-target=\"_self\" data-animationType=\"fadeIn\" data-animationDuration=\"0.25\" data-animationOffset=\"top-into-view\"><div class=\"heading heading-with-icon icon-left\" style=\"margin-top:20px;\"><a class=\"heading-link\" href=\"#servicios-digitales\" target=\"_self\"><div class=\"icon\" style=\"margin-top:-20px;margin-bottom:-20px;-webkit-animation-duration: 350ms;animation-duration: 350ms;\"><span style=\"height:54px;width:54px;line-height:33px;border-color:#74c5da;border-width:2px;border-style:solid;background-color:#4f86c5;margin-right:20px;box-sizing:content-box;border-radius:50%;\"><i style=\"border-color:#4f86c5;border-width:6px;background-color:#333333;box-sizing:content-box;height:42px;width:42px;line-height:42px;border-radius:50%;position:relative;top:auto;left:auto;margin:0;border-radius:50%;font-size:21px;\" aria-hidden=\"true\" class=\"fontawesome-icon fa-chalkboard-teacher fas circle-yes\"><\/i><\/span><\/div><h2 class=\"content-box-heading fusion-responsive-typography-calculated\" style=\"--h2_typography-font-size:18px;--fontSize:18;line-height:1.5;\">CONSULTOR\u00cdA Y ASESORAMIENTO<\/h2><\/a><\/div><div class=\"content-box-shortcode-timeline-vertical\" style=\"border-color:#74c5da;left:44px;top:29px;-webkit-transition-duration: 350ms;animation-duration: 350ms;\"><\/div><\/div><\/div><div style=\"--awb-backgroundcolor:rgba(255,255,255,0);--awb-content-padding-left:78px;\" class=\"fusion-column content-box-column content-box-column content-box-column-2 col-lg-12 col-md-12 col-sm-12 fusion-content-box-hover content-box-column-last-in-row\"><div class=\"col content-box-wrapper content-wrapper link-area-box link-type-text content-icon-wrapper-yes icon-wrapper-hover-animation-pulsate fusion-animated\" data-link=\"#servicios-digitales\" data-link-target=\"_self\" data-animationType=\"fadeIn\" data-animationDuration=\"0.25\" data-animationOffset=\"top-into-view\"><div class=\"heading heading-with-icon icon-left\" style=\"margin-top:20px;\"><a class=\"heading-link\" href=\"#servicios-digitales\" target=\"_self\"><div class=\"icon\" style=\"margin-top:-20px;margin-bottom:-20px;-webkit-animation-duration: 350ms;animation-duration: 350ms;\"><span style=\"height:54px;width:54px;line-height:33px;border-color:#74c5da;border-width:2px;border-style:solid;background-color:#4f86c5;margin-right:20px;box-sizing:content-box;border-radius:50%;\"><i style=\"border-color:#4f86c5;border-width:6px;background-color:#333333;box-sizing:content-box;height:42px;width:42px;line-height:42px;border-radius:50%;position:relative;top:auto;left:auto;margin:0;border-radius:50%;font-size:21px;\" aria-hidden=\"true\" class=\"fontawesome-icon fa-chart-line fas circle-yes\"><\/i><\/span><\/div><h2 class=\"content-box-heading fusion-responsive-typography-calculated\" style=\"--h2_typography-font-size:18px;--fontSize:18;line-height:1.5;\">ANALITICA<\/h2><\/a><\/div><div class=\"content-box-shortcode-timeline-vertical\" style=\"border-color:#74c5da;left:44px;top:29px;-webkit-transition-duration: 350ms;animation-duration: 350ms;\"><\/div><\/div><\/div><div style=\"--awb-backgroundcolor:rgba(255,255,255,0);--awb-content-padding-left:78px;\" class=\"fusion-column content-box-column content-box-column content-box-column-3 col-lg-12 col-md-12 col-sm-12 fusion-content-box-hover content-box-column-last content-box-column-last-in-row\"><div class=\"col content-box-wrapper content-wrapper link-area-box link-type-text content-icon-wrapper-yes icon-wrapper-hover-animation-pulsate fusion-animated\" data-link=\"#servicios-digitales\" data-link-target=\"_self\" data-animationType=\"fadeIn\" data-animationDuration=\"0.25\" data-animationOffset=\"top-into-view\"><div class=\"heading heading-with-icon icon-left\" style=\"margin-top:20px;\"><a class=\"heading-link\" href=\"#servicios-digitales\" target=\"_self\"><div class=\"icon\" style=\"margin-top:-20px;margin-bottom:-20px;-webkit-animation-duration: 350ms;animation-duration: 350ms;\"><span style=\"height:54px;width:54px;line-height:33px;border-color:#74c5da;border-width:2px;border-style:solid;background-color:#4f86c5;margin-right:20px;box-sizing:content-box;border-radius:50%;\"><i style=\"border-color:#4f86c5;border-width:6px;background-color:#333333;box-sizing:content-box;height:42px;width:42px;line-height:42px;border-radius:50%;position:relative;top:auto;left:auto;margin:0;border-radius:50%;font-size:21px;\" aria-hidden=\"true\" class=\"fontawesome-icon fa-video fas circle-yes\"><\/i><\/span><\/div><h2 class=\"content-box-heading fusion-responsive-typography-calculated\" style=\"--h2_typography-font-size:18px;--fontSize:18;line-height:1.5;\">STREAMING<\/h2><\/a><\/div><div class=\"content-box-shortcode-timeline-vertical\" style=\"border-color:#74c5da;left:44px;top:29px;-webkit-transition-duration: 350ms;animation-duration: 350ms;\"><\/div><\/div><\/div><div class=\"fusion-clearfix\"><\/div><\/div><\/div><\/div><div class=\"fusion-clearfix\"><\/div><\/div><\/div><\/div><\/div><div id=\"servicios-digitales\" class=\"fusion-container-anchor\"><div class=\"fusion-fullwidth fullwidth-box fusion-builder-row-2 nonhundred-percent-fullwidth non-hundred-percent-height-scrolling\" style=\"--awb-background-position:center top;--awb-border-radius-top-left:0px;--awb-border-radius-top-right:0px;--awb-border-radius-bottom-right:0px;--awb-border-radius-bottom-left:0px;--awb-padding-top:100px;--awb-padding-bottom:100px;--awb-padding-left:40px;--awb-background-color:#e1e1e8;--awb-flex-wrap:wrap;\" ><div class=\"fusion-builder-row fusion-row\"><div class=\"fusion-layout-column fusion_builder_column fusion-builder-column-2 fusion_builder_column_1_3 1_3 fusion-one-third fusion-column-first fusion-animated\" style=\"--awb-bg-size:cover;width:33.333333333333%;width:calc(33.333333333333% - ( ( 4% + 4% ) * 0.33333333333333 ) );margin-right: 4%;\" data-animationType=\"zoomInDown\" data-animationDuration=\"1.0\" data-animationOffset=\"top-into-view\"><div class=\"fusion-column-wrapper fusion-column-has-shadow fusion-flex-column-wrapper-legacy\"><a class=\"awb-lightbox awb-lightbox-1\"><img decoding=\"async\" src=\"https:\/\/resetsoluciones.com\/wp-content\/uploads\/2019\/09\/computer-1869236_640-e1568632095925-300x199.jpg\"><\/a><div class=\"fusion-title title fusion-title-1 fusion-sep-none fusion-title-text fusion-title-size-one\" style=\"--awb-margin-bottom:10px;\"><h1 class=\"fusion-title-heading title-heading-left fusion-responsive-typography-calculated\" style=\"margin:0;--fontSize:34;line-height:1.4;\"><h3 class=\"content-box-heading\" data-inline-fontsize=\"true\" data-inline-lineheight=\"true\" data-fontsize=\"22\" data-lineheight=\"27\"><span style=\"color: #4f86c5;\">CONSULTOR\u00cdA<\/span><\/h3><\/h1><\/div><div class=\"fusion-text fusion-text-4\"><p>Mercado: An\u00e1lisis del mercado y tu posicionamiento en \u00e9l.<\/p>\n<p>Competencia: \u00bfC\u00f3mo es tu comportamiento digital respecto a la competencia?.<\/p>\n<p>Tendencias: Estudiamos continuamente los comportamientos y tendencias tanto del target como del sector para adecuarnos a los constantes cambios.<\/p>\n<p>Tono y sem\u00e1ntica: aporta una capa de conocimiento necesaria para trazar las estrategias de posicionamiento SEO, SEM y Social Media para las marcas.<\/p>\n<p>Plan de contenidos: Calendario mensual y trimestral de contenidos para asegurar una l\u00ednea coherente y efectiva. Sin dejar de el seguimiento 24\/7 para publicaciones de seguimiento, gesti\u00f3n de crisis&#8230;<\/p>\n<p>Plan de marketing: Plan de acci\u00f3n con campa\u00f1as de posicionamiento org\u00e1nico, branding, campa\u00f1as de pago&#8230;<\/p>\n<\/div><div class=\"fusion-clearfix\"><\/div><\/div><\/div><div class=\"fusion-layout-column fusion_builder_column fusion-builder-column-3 fusion_builder_column_1_3 1_3 fusion-one-third fusion-animated\" style=\"--awb-bg-size:cover;width:33.333333333333%;width:calc(33.333333333333% - ( ( 4% + 4% ) * 0.33333333333333 ) );margin-right: 4%;\" data-animationType=\"zoomInDown\" data-animationDuration=\"1.0\" data-animationOffset=\"top-into-view\"><div class=\"fusion-column-wrapper fusion-column-has-shadow fusion-flex-column-wrapper-legacy\"><a class=\"awb-lightbox awb-lightbox-2\"><img decoding=\"async\" src=\"https:\/\/resetsoluciones.com\/wp-content\/uploads\/2019\/09\/laptop-3196481_640-300x200.jpg\"><\/a><div class=\"fusion-title title fusion-title-2 fusion-sep-none fusion-title-text fusion-title-size-one\" style=\"--awb-margin-bottom:10px;\"><h1 class=\"fusion-title-heading title-heading-left fusion-responsive-typography-calculated\" style=\"margin:0;--fontSize:34;line-height:1.4;\"><h3 class=\"content-box-heading\" data-inline-fontsize=\"true\" data-inline-lineheight=\"true\" data-fontsize=\"22\" data-lineheight=\"27\"><span style=\"color: #4f86c5;\">ANAL\u00cdTICA<br \/>\n<\/span><\/h3><\/h1><\/div><div class=\"fusion-text fusion-text-5\"><p><u>Auditor\u00eda anal\u00edtica<\/u>: An\u00e1lisis de la implantaci\u00f3n de la anal\u00edtica web en tu sitio. No basta con a\u00f1adir el c\u00f3digo de Google Analytics para que todo funcione. Hay que entender el porqu\u00e9 de nuestros datos. De si se cumplen los objetivos de las campa\u00f1as, de las inversiones\u2026<\/p>\n<p><u>Tag Management<\/u><\/p>\n<p>La gesti\u00f3n unificada de pixels y etiquetas de seguimiento<\/p>\n<p>Mantenimiento y actualizaci\u00f3n del tracking<\/p>\n<p>Preprcesado y filtrado autom\u00e1tico de datos<\/p>\n<p><u>Conversi\u00f3n<\/u>:<\/p>\n<p>An\u00e1lisis del ROI<\/p>\n<p>Mejora de los objetivos de venta, leads comerciales\u2026<\/p>\n<p>Dise\u00f1o e implementaci\u00f3n del funnel de conversi\u00f3n<\/p>\n<\/div><div class=\"fusion-clearfix\"><\/div><\/div><\/div><div class=\"fusion-layout-column fusion_builder_column fusion-builder-column-4 fusion_builder_column_1_3 1_3 fusion-one-third fusion-column-last fusion-animated\" style=\"--awb-bg-size:cover;width:33.333333333333%;width:calc(33.333333333333% - ( ( 4% + 4% ) * 0.33333333333333 ) );\" data-animationType=\"zoomInDown\" data-animationDuration=\"1.0\" data-animationOffset=\"top-into-view\"><div class=\"fusion-column-wrapper fusion-column-has-shadow fusion-flex-column-wrapper-legacy\"><a class=\"awb-lightbox awb-lightbox-3\"><img decoding=\"async\" src=\"https:\/\/resetsoluciones.com\/wp-content\/uploads\/2019\/09\/laptop-601536-300x200.jpg\"><\/a><div class=\"fusion-title title fusion-title-3 fusion-sep-none fusion-title-text fusion-title-size-one\" style=\"--awb-margin-bottom:10px;\"><h1 class=\"fusion-title-heading title-heading-left fusion-responsive-typography-calculated\" style=\"margin:0;--fontSize:34;line-height:1.4;\"><h3 class=\"content-box-heading\" data-inline-fontsize=\"true\" data-inline-lineheight=\"true\" data-fontsize=\"22\" data-lineheight=\"27\"><span style=\"color: #4f86c5;\">STREAMING<br \/>\n<\/span><\/h3><\/h1><\/div><div class=\"fusion-text fusion-text-6\"><p><u>Eventos<\/u>: Retransmisi\u00f3n de eventos culturales, entregas de premios, actos pol\u00edticos o conciertos.<\/p>\n<p>Realizaci\u00f3n adaptada al evento:<\/p>\n<p>Streaming en directo con grafismos, c\u00e1maras inal\u00e1mbricas.<\/p>\n<p>Conexi\u00f3n a Internet segura, interacci\u00f3n con la audiencia a trav\u00e9s de redes sociales.<\/p>\n<p><u>Servicios corporatvos:<\/u><\/p>\n<p>Reuniones multipersona, Juntas de accionistas, presentaciones de producto, eventos kick-off.<\/p>\n<p><u>Webinar:<\/u><\/p>\n<p>Microsite<\/p>\n<p>Livestreaming<\/p>\n<p>Campa\u00f1a email marketing<\/p>\n<p>Estad\u00edsticas<\/p>\n<\/div><div class=\"fusion-clearfix\"><\/div><\/div><\/div><\/div><\/div><\/div><div class=\"fusion-fullwidth fullwidth-box fusion-builder-row-3 nonhundred-percent-fullwidth non-hundred-percent-height-scrolling\" style=\"--awb-border-radius-top-left:0px;--awb-border-radius-top-right:0px;--awb-border-radius-bottom-right:0px;--awb-border-radius-bottom-left:0px;--awb-padding-top:100px;--awb-flex-wrap:wrap;\" ><div class=\"fusion-builder-row fusion-row\"><div class=\"fusion-layout-column fusion_builder_column fusion-builder-column-5 fusion_builder_column_1_1 1_1 fusion-one-full fusion-column-first fusion-column-last\" style=\"--awb-bg-size:cover;\"><div class=\"fusion-column-wrapper fusion-column-has-shadow fusion-flex-column-wrapper-legacy\"><div class=\"fusion-image-element fusion-image-align-center in-legacy-container\" style=\"text-align:center;--awb-caption-title-font-family:var(--h2_typography-font-family);--awb-caption-title-font-weight:var(--h2_typography-font-weight);--awb-caption-title-font-style:var(--h2_typography-font-style);--awb-caption-title-size:var(--h2_typography-font-size);--awb-caption-title-transform:var(--h2_typography-text-transform);--awb-caption-title-line-height:var(--h2_typography-line-height);--awb-caption-title-letter-spacing:var(--h2_typography-letter-spacing);\"><div class=\"imageframe-align-center\"><span class=\" fusion-imageframe imageframe-none imageframe-1 hover-type-none\"><img decoding=\"async\" width=\"300\" height=\"147\" src=\"https:\/\/resetsoluciones.com\/wp-content\/uploads\/2019\/10\/Logo_2018_OK-300x147.png\" alt class=\"img-responsive wp-image-1525\" srcset=\"https:\/\/resetsoluciones.com\/wp-content\/uploads\/2019\/10\/Logo_2018_OK-200x98.png 200w, https:\/\/resetsoluciones.com\/wp-content\/uploads\/2019\/10\/Logo_2018_OK-400x195.png 400w, https:\/\/resetsoluciones.com\/wp-content\/uploads\/2019\/10\/Logo_2018_OK-600x293.png 600w, https:\/\/resetsoluciones.com\/wp-content\/uploads\/2019\/10\/Logo_2018_OK-800x391.png 800w, https:\/\/resetsoluciones.com\/wp-content\/uploads\/2019\/10\/Logo_2018_OK-1200x586.png 1200w\" sizes=\"(max-width: 800px) 100vw, 1200px\" \/><\/span><\/div><\/div><div class=\"fusion-text fusion-text-7\"><p style=\"text-align: center;\">CARME KARR, 13 &#8211; 08034 BARCELONA &#8211; 932520883 &#8211; <a href=\"mailto:info@resetsoluciones.com\">info@resetsoluciones.com<\/a><\/p>\n<\/div><div class=\"fusion-text fusion-text-8\"><p style=\"text-align: center;\">Copyright \u00a9 2019 <a href=\"https:\/\/resetsoluciones.com\/index.php\/home-2\/\">resetsoluciones.<\/a> Todos los derechos reservados<\/p>\n<\/div><div class=\"fusion-clearfix\"><\/div><\/div><\/div><\/div><\/div><\/p>\n","protected":false},"excerpt":{"rendered":"","protected":false},"author":1,"featured_media":0,"parent":0,"menu_order":0,"comment_status":"closed","ping_status":"closed","template":"100-width.php","meta":{"footnotes":""},"class_list":["post-1561","page","type-page","status-publish","hentry"],"yoast_head":"<!-- This site is optimized with the Yoast SEO plugin v25.5 - https:\/\/yoast.com\/wordpress\/plugins\/seo\/ -->\n<title>Servicios Digitales - Reset Soluciones<\/title>\n<meta name=\"robots\" content=\"index, follow, max-snippet:-1, max-image-preview:large, max-video-preview:-1\" \/>\n<link rel=\"canonical\" href=\"https:\/\/resetsoluciones.com\/index.php\/servicios-digitales\/\" \/>\n<meta property=\"og:locale\" content=\"es_ES\" \/>\n<meta property=\"og:type\" content=\"article\" \/>\n<meta property=\"og:title\" content=\"Servicios Digitales - Reset Soluciones\" \/>\n<meta property=\"og:url\" content=\"https:\/\/resetsoluciones.com\/index.php\/servicios-digitales\/\" \/>\n<meta property=\"og:site_name\" content=\"Reset Soluciones\" \/>\n<meta property=\"article:modified_time\" content=\"2020-08-06T09:36:28+00:00\" \/>\n<meta property=\"og:image\" content=\"https:\/\/resetsoluciones.com\/wp-content\/uploads\/2019\/09\/computer-1869236_640-e1568632095925-300x199.jpg\" \/>\n<meta name=\"twitter:card\" content=\"summary_large_image\" \/>\n<meta name=\"twitter:label1\" content=\"Tiempo de lectura\" \/>\n\t<meta name=\"twitter:data1\" content=\"11 minutos\" \/>\n<script type=\"application\/ld+json\" class=\"yoast-schema-graph\">{\"@context\":\"https:\/\/schema.org\",\"@graph\":[{\"@type\":\"WebPage\",\"@id\":\"https:\/\/resetsoluciones.com\/index.php\/servicios-digitales\/\",\"url\":\"https:\/\/resetsoluciones.com\/index.php\/servicios-digitales\/\",\"name\":\"Servicios Digitales - Reset Soluciones\",\"isPartOf\":{\"@id\":\"https:\/\/resetsoluciones.com\/#website\"},\"primaryImageOfPage\":{\"@id\":\"https:\/\/resetsoluciones.com\/index.php\/servicios-digitales\/#primaryimage\"},\"image\":{\"@id\":\"https:\/\/resetsoluciones.com\/index.php\/servicios-digitales\/#primaryimage\"},\"thumbnailUrl\":\"https:\/\/resetsoluciones.com\/wp-content\/uploads\/2019\/09\/computer-1869236_640-e1568632095925-300x199.jpg\",\"datePublished\":\"2020-07-13T10:27:55+00:00\",\"dateModified\":\"2020-08-06T09:36:28+00:00\",\"breadcrumb\":{\"@id\":\"https:\/\/resetsoluciones.com\/index.php\/servicios-digitales\/#breadcrumb\"},\"inLanguage\":\"es\",\"potentialAction\":[{\"@type\":\"ReadAction\",\"target\":[\"https:\/\/resetsoluciones.com\/index.php\/servicios-digitales\/\"]}]},{\"@type\":\"ImageObject\",\"inLanguage\":\"es\",\"@id\":\"https:\/\/resetsoluciones.com\/index.php\/servicios-digitales\/#primaryimage\",\"url\":\"https:\/\/resetsoluciones.com\/wp-content\/uploads\/2019\/09\/computer-1869236_640-e1568632095925.jpg\",\"contentUrl\":\"https:\/\/resetsoluciones.com\/wp-content\/uploads\/2019\/09\/computer-1869236_640-e1568632095925.jpg\",\"width\":640,\"height\":425},{\"@type\":\"BreadcrumbList\",\"@id\":\"https:\/\/resetsoluciones.com\/index.php\/servicios-digitales\/#breadcrumb\",\"itemListElement\":[{\"@type\":\"ListItem\",\"position\":1,\"name\":\"Home\",\"item\":\"https:\/\/resetsoluciones.com\/\"},{\"@type\":\"ListItem\",\"position\":2,\"name\":\"Servicios Digitales\"}]},{\"@type\":\"WebSite\",\"@id\":\"https:\/\/resetsoluciones.com\/#website\",\"url\":\"https:\/\/resetsoluciones.com\/\",\"name\":\"Reset Soluciones\",\"description\":\"Reset Soluciones\",\"potentialAction\":[{\"@type\":\"SearchAction\",\"target\":{\"@type\":\"EntryPoint\",\"urlTemplate\":\"https:\/\/resetsoluciones.com\/?s={search_term_string}\"},\"query-input\":{\"@type\":\"PropertyValueSpecification\",\"valueRequired\":true,\"valueName\":\"search_term_string\"}}],\"inLanguage\":\"es\"}]}<\/script>\n<!-- \/ Yoast SEO plugin. -->","yoast_head_json":{"title":"Servicios Digitales - Reset Soluciones","robots":{"index":"index","follow":"follow","max-snippet":"max-snippet:-1","max-image-preview":"max-image-preview:large","max-video-preview":"max-video-preview:-1"},"canonical":"https:\/\/resetsoluciones.com\/index.php\/servicios-digitales\/","og_locale":"es_ES","og_type":"article","og_title":"Servicios Digitales - Reset Soluciones","og_url":"https:\/\/resetsoluciones.com\/index.php\/servicios-digitales\/","og_site_name":"Reset Soluciones","article_modified_time":"2020-08-06T09:36:28+00:00","og_image":[{"url":"https:\/\/resetsoluciones.com\/wp-content\/uploads\/2019\/09\/computer-1869236_640-e1568632095925-300x199.jpg","type":"","width":"","height":""}],"twitter_card":"summary_large_image","twitter_misc":{"Tiempo de lectura":"11 minutos"},"schema":{"@context":"https:\/\/schema.org","@graph":[{"@type":"WebPage","@id":"https:\/\/resetsoluciones.com\/index.php\/servicios-digitales\/","url":"https:\/\/resetsoluciones.com\/index.php\/servicios-digitales\/","name":"Servicios Digitales - Reset Soluciones","isPartOf":{"@id":"https:\/\/resetsoluciones.com\/#website"},"primaryImageOfPage":{"@id":"https:\/\/resetsoluciones.com\/index.php\/servicios-digitales\/#primaryimage"},"image":{"@id":"https:\/\/resetsoluciones.com\/index.php\/servicios-digitales\/#primaryimage"},"thumbnailUrl":"https:\/\/resetsoluciones.com\/wp-content\/uploads\/2019\/09\/computer-1869236_640-e1568632095925-300x199.jpg","datePublished":"2020-07-13T10:27:55+00:00","dateModified":"2020-08-06T09:36:28+00:00","breadcrumb":{"@id":"https:\/\/resetsoluciones.com\/index.php\/servicios-digitales\/#breadcrumb"},"inLanguage":"es","potentialAction":[{"@type":"ReadAction","target":["https:\/\/resetsoluciones.com\/index.php\/servicios-digitales\/"]}]},{"@type":"ImageObject","inLanguage":"es","@id":"https:\/\/resetsoluciones.com\/index.php\/servicios-digitales\/#primaryimage","url":"https:\/\/resetsoluciones.com\/wp-content\/uploads\/2019\/09\/computer-1869236_640-e1568632095925.jpg","contentUrl":"https:\/\/resetsoluciones.com\/wp-content\/uploads\/2019\/09\/computer-1869236_640-e1568632095925.jpg","width":640,"height":425},{"@type":"BreadcrumbList","@id":"https:\/\/resetsoluciones.com\/index.php\/servicios-digitales\/#breadcrumb","itemListElement":[{"@type":"ListItem","position":1,"name":"Home","item":"https:\/\/resetsoluciones.com\/"},{"@type":"ListItem","position":2,"name":"Servicios Digitales"}]},{"@type":"WebSite","@id":"https:\/\/resetsoluciones.com\/#website","url":"https:\/\/resetsoluciones.com\/","name":"Reset Soluciones","description":"Reset Soluciones","potentialAction":[{"@type":"SearchAction","target":{"@type":"EntryPoint","urlTemplate":"https:\/\/resetsoluciones.com\/?s={search_term_string}"},"query-input":{"@type":"PropertyValueSpecification","valueRequired":true,"valueName":"search_term_string"}}],"inLanguage":"es"}]}},"_links":{"self":[{"href":"https:\/\/resetsoluciones.com\/index.php\/wp-json\/wp\/v2\/pages\/1561","targetHints":{"allow":["GET"]}}],"collection":[{"href":"https:\/\/resetsoluciones.com\/index.php\/wp-json\/wp\/v2\/pages"}],"about":[{"href":"https:\/\/resetsoluciones.com\/index.php\/wp-json\/wp\/v2\/types\/page"}],"author":[{"embeddable":true,"href":"https:\/\/resetsoluciones.com\/index.php\/wp-json\/wp\/v2\/users\/1"}],"replies":[{"embeddable":true,"href":"https:\/\/resetsoluciones.com\/index.php\/wp-json\/wp\/v2\/comments?post=1561"}],"version-history":[{"count":19,"href":"https:\/\/resetsoluciones.com\/index.php\/wp-json\/wp\/v2\/pages\/1561\/revisions"}],"predecessor-version":[{"id":1602,"href":"https:\/\/resetsoluciones.com\/index.php\/wp-json\/wp\/v2\/pages\/1561\/revisions\/1602"}],"wp:attachment":[{"href":"https:\/\/resetsoluciones.com\/index.php\/wp-json\/wp\/v2\/media?parent=1561"}],"curies":[{"name":"wp","href":"https:\/\/api.w.org\/{rel}","templated":true}]}}